{"id":1135,"date":"2021-05-19T15:56:59","date_gmt":"2021-05-19T15:56:59","guid":{"rendered":"https:\/\/ventricular.org\/vmclab\/?page_id=1135"},"modified":"2025-07-23T21:54:55","modified_gmt":"2025-07-23T21:54:55","slug":"contact-2","status":"publish","type":"page","link":"https:\/\/ventricular.org\/vmclab\/contact-2\/","title":{"rendered":"Contact"},"content":{"rendered":"\t\t<div data-elementor-type=\"wp-page\" data-elementor-id=\"1135\" class=\"elementor elementor-1135\">\n\t\t\t\t\t\t<section class=\"elementor-section elementor-top-section elementor-element elementor-element-7257c17 elementor-section-boxed elementor-section-height-default elementor-section-height-default\" data-id=\"7257c17\" data-element_type=\"section\" data-settings=\"{&quot;background_background&quot;:&quot;gradient&quot;,&quot;shape_divider_top&quot;:&quot;mountains&quot;}\">\n\t\t\t\t\t<div class=\"elementor-shape elementor-shape-top\" aria-hidden=\"true\" data-negative=\"false\">\n\t\t\t<svg xmlns=\"http:\/\/www.w3.org\/2000\/svg\" viewBox=\"0 0 1000 100\" preserveAspectRatio=\"none\">\n\t<path class=\"elementor-shape-fill\" opacity=\"0.33\" d=\"M473,67.3c-203.9,88.3-263.1-34-320.3,0C66,119.1,0,59.7,0,59.7V0h1000v59.7 c0,0-62.1,26.1-94.9,29.3c-32.8,3.3-62.8-12.3-75.8-22.1C806,49.6,745.3,8.7,694.9,4.7S492.4,59,473,67.3z\"\/>\n\t<path class=\"elementor-shape-fill\" opacity=\"0.66\" d=\"M734,67.3c-45.5,0-77.2-23.2-129.1-39.1c-28.6-8.7-150.3-10.1-254,39.1 s-91.7-34.4-149.2,0C115.7,118.3,0,39.8,0,39.8V0h1000v36.5c0,0-28.2-18.5-92.1-18.5C810.2,18.1,775.7,67.3,734,67.3z\"\/>\n\t<path class=\"elementor-shape-fill\" d=\"M766.1,28.9c-200-57.5-266,65.5-395.1,19.5C242,1.8,242,5.4,184.8,20.6C128,35.8,132.3,44.9,89.9,52.5C28.6,63.7,0,0,0,0 h1000c0,0-9.9,40.9-83.6,48.1S829.6,47,766.1,28.9z\"\/>\n<\/svg>\t\t<\/div>\n\t\t\t\t\t<div class=\"elementor-container elementor-column-gap-default\">\n\t\t\t\t\t<div class=\"elementor-column elementor-col-100 elementor-top-column elementor-element elementor-element-fd86450\" data-id=\"fd86450\" data-element_type=\"column\">\n\t\t\t<div class=\"elementor-widget-wrap elementor-element-populated\">\n\t\t\t\t\t\t<div class=\"elementor-element elementor-element-1436ea3 elementor-widget elementor-widget-text-editor\" data-id=\"1436ea3\" data-element_type=\"widget\" data-widget_type=\"text-editor.default\">\n\t\t\t\t<div class=\"elementor-widget-container\">\n\t\t\t\t\t\t\t\t\t<p style=\"text-align: center;\"><strong>Thank you for your interest in the VMC Laboratory<\/strong><\/p><p style=\"text-align: center;\"><strong>Please direct any questions to:<\/strong><\/p>\t\t\t\t\t\t\t\t<\/div>\n\t\t\t\t<\/div>\n\t\t\t\t<div class=\"elementor-element elementor-element-7313c75 elementor-widget elementor-widget-heading\" data-id=\"7313c75\" data-element_type=\"widget\" data-widget_type=\"heading.default\">\n\t\t\t\t<div class=\"elementor-widget-container\">\n\t\t\t\t\t<h3 class=\"elementor-heading-title elementor-size-default\">Ver\u00f3nica Mart\u00ednez-Cerde\u00f1o<\/h3>\t\t\t\t<\/div>\n\t\t\t\t<\/div>\n\t\t\t\t<div class=\"elementor-element elementor-element-8efa90a elementor-widget elementor-widget-text-editor\" data-id=\"8efa90a\" data-element_type=\"widget\" data-widget_type=\"text-editor.default\">\n\t\t\t\t<div class=\"elementor-widget-container\">\n\t\t\t\t\t\t\t\t\t<p style=\"text-align: center;\">2425 Stockton Boulevard; Sacramento, California, 95817, USA<\/p>\n<p style=\"text-align: center;\">Phone: (916) 453-2163<\/p>\n<p style=\"text-align: center;\">E-mail: vmartinezcerdeno .at. health.ucdavis.edu<\/p>\t\t\t\t\t\t\t\t<\/div>\n\t\t\t\t<\/div>\n\t\t\t\t<div class=\"elementor-element elementor-element-83d1737 elementor-widget elementor-widget-image\" data-id=\"83d1737\" data-element_type=\"widget\" data-widget_type=\"image.default\">\n\t\t\t\t<div class=\"elementor-widget-container\">\n\t\t\t\t\t\t\t\t\t\t\t\t\t\t\t<img fetchpriority=\"high\" decoding=\"async\" width=\"647\" height=\"478\" src=\"https:\/\/ventricular.org\/vmclab\/wp-content\/uploads\/2021\/05\/Screen-Shot-2021-05-12-at-1.42.09-PM.png\" class=\"attachment-large size-large wp-image-932\" alt=\"\" srcset=\"https:\/\/ventricular.org\/vmclab\/wp-content\/uploads\/2021\/05\/Screen-Shot-2021-05-12-at-1.42.09-PM.png 647w, https:\/\/ventricular.org\/vmclab\/wp-content\/uploads\/2021\/05\/Screen-Shot-2021-05-12-at-1.42.09-PM-300x222.png 300w\" sizes=\"(max-width: 647px) 100vw, 647px\" \/>\t\t\t\t\t\t\t\t\t\t\t\t\t\t\t<\/div>\n\t\t\t\t<\/div>\n\t\t\t\t\t<\/div>\n\t\t<\/div>\n\t\t\t\t\t<\/div>\n\t\t<\/section>\n\t\t\t\t<\/div>\n\t\t","protected":false},"excerpt":{"rendered":"<p>Thank you for your interest in the VMC Laboratory Please direct any questions to: Ver\u00f3nica Mart\u00ednez-Cerde\u00f1o 2425 Stockton Boulevard; Sacramento, California, 95817, USA Phone: (916) 453-2163 E-mail: vmartinezcerdeno .at. health.ucdavis.edu<\/p>\n","protected":false},"author":1,"featured_media":0,"parent":0,"menu_order":0,"comment_status":"closed","ping_status":"closed","template":"elementor_header_footer","meta":{"footnotes":""},"class_list":["post-1135","page","type-page","status-publish","hentry","entry"],"_links":{"self":[{"href":"https:\/\/ventricular.org\/vmclab\/wp-json\/wp\/v2\/pages\/1135","targetHints":{"allow":["GET"]}}],"collection":[{"href":"https:\/\/ventricular.org\/vmclab\/wp-json\/wp\/v2\/pages"}],"about":[{"href":"https:\/\/ventricular.org\/vmclab\/wp-json\/wp\/v2\/types\/page"}],"author":[{"embeddable":true,"href":"https:\/\/ventricular.org\/vmclab\/wp-json\/wp\/v2\/users\/1"}],"replies":[{"embeddable":true,"href":"https:\/\/ventricular.org\/vmclab\/wp-json\/wp\/v2\/comments?post=1135"}],"version-history":[{"count":43,"href":"https:\/\/ventricular.org\/vmclab\/wp-json\/wp\/v2\/pages\/1135\/revisions"}],"predecessor-version":[{"id":2538,"href":"https:\/\/ventricular.org\/vmclab\/wp-json\/wp\/v2\/pages\/1135\/revisions\/2538"}],"wp:attachment":[{"href":"https:\/\/ventricular.org\/vmclab\/wp-json\/wp\/v2\/media?parent=1135"}],"curies":[{"name":"wp","href":"https:\/\/api.w.org\/{rel}","templated":true}]}}