{"id":13,"date":"2015-10-15T02:52:31","date_gmt":"2015-10-15T02:52:31","guid":{"rendered":"http:\/\/ventricular.org\/StephenNoctor\/?page_id=13"},"modified":"2025-11-11T19:01:19","modified_gmt":"2025-11-11T19:01:19","slug":"publications","status":"publish","type":"page","link":"https:\/\/ventricular.org\/StephenNoctor\/publications\/","title":{"rendered":"Publications"},"content":{"rendered":"<p>(Selected List of Publications)<\/p>\n<p style=\"font-weight: 400;\">Tarantal AF, Hartigan-O&#8217;Connor DJ,\u00a0Noctor SC. (2022) Translational Utility of the Nonhuman Primate Model.\u00a0 <em>Biol Psychiatry Cogn Neurosci Neuroimaging<\/em><strong><em>.<\/em><\/strong> 7(5):491-497 &#8211;<a href=\"https:\/\/ventricular.org\/StephenNoctor\/wp-content\/uploads\/2025\/11\/2022-Translational-Utility-1.pdf\"> View Here<\/a>.<\/p>\n<p style=\"font-weight: 400;\">Penna E, Mangum JM, Shepherd H, Mart\u00ednez Cerde\u00f1o V, Noctor SC. <strong>(2021)<\/strong> Development of the Neuro-Immune-Vascular Plexus in the Ventricular Zone of the Prenatal Rat Neocortex. <em>Cerebral Cortex<\/em>, 31(4):2139-2155 &#8211; <a href=\"https:\/\/ventricular.org\/StephenNoctor\/wp-content\/uploads\/2025\/11\/2021-Penna-Rat-NIV-Plexus-Cerebral-Cortex.pdf\">View Here<\/a>.<\/p>\n<p style=\"font-weight: 400;\">Penna E, Cunningham CL, Saylor S, Kreutz A, Tarantal AF, Mart\u00ednez-Cerde\u00f1o V, Noctor SC. <strong>(2021) <\/strong>Greater Number of Microglia in Telencephalic Proliferative Zones of Human and Non-Human Primate Compared to other Vertebrate Species. <em>Cerebral Cortex Communications<\/em>, 2(4) &#8211; <a href=\"https:\/\/ventricular.org\/StephenNoctor\/wp-content\/uploads\/2025\/11\/2021-Penna-MG-NPC-Numbers.pdf\">View Here<\/a>.<\/p>\n<p style=\"font-weight: 400;\">Tarantal AF, Hartigan-O\u2019Connor DJ, Penna E, Kreutz A, Martinez ML, Noctor SC. <strong>(2021) <\/strong>Fetal Rhesus Monkey First Trimester Zika Virus Infection Impacts Cortical Development in the Second and Third Trimesters. <em>Cerebral Cortex<\/em>, 31(5), 2309-2321 &#8211; <a href=\"https:\/\/ventricular.org\/StephenNoctor\/wp-content\/uploads\/2025\/11\/2021-Tarantal-Cerebral-Cortex.pdf\">View Here<\/a>.<\/p>\n<p>Noctor SC,<strong>\u00a0<\/strong>Penna E, Shepherd H, Chelson C, Barger N, Mart\u00ednez-Cerde\u00f1o V, Tarantal AF. <strong>(2019)<\/strong>. Periventricular Microglial Cells Interact with Dividing Precursor Cells in the Nonhuman Primate and Rodent Prenatal Cerebral Cortex. \u00a0<em>Journal of Comparative Neurology<\/em>, 2019: 1-12 &#8211; <a href=\"http:\/\/ventricular.org\/StephenNoctor\/wp-content\/uploads\/2019\/02\/2019-Noctor-Periventricular-MGs-JCN.pdf\">View Here<\/a>.<\/p>\n<p>Barger N, Keiter J, Kreutz A, Krishnamurthy A, Weidenthaler C, Mart\u00ednez-Cerde\u00f1o V, Tarantal AF, and Noctor SC\u00a0<strong>(2019)<\/strong>. Microglia: an intrinsic component of the proliferative zones in the fetal rhesus monkey (Macaca mulatta) cerebral cortex. <em>Cerebral Cortex<\/em>, 29(7): 2782-2796 &#8211; <a href=\"http:\/\/ventricular.org\/StephenNoctor\/wp-content\/uploads\/2019\/02\/2019-Barger-Cerebral-Cortex.pdf\">View Here<\/a>.<\/p>\n<p>Mart\u00ednez-Cerde\u00f1o V and Noctor SC. <strong>(2019)<\/strong>. Cortical evolution: Advantages of animal model species. <em>Journal of Comparative Neurology<\/em>, 527(10): 1766-1768 &#8211; <a href=\"https:\/\/ventricular.org\/StephenNoctor\/wp-content\/uploads\/2025\/11\/2018-JCN-Advantages-of-Animal-Models.pdf\">View Here<\/a>.<\/p>\n<p>Mart\u00ednez-Cerde\u00f1o, V\u00a0and\u00a0Noctor, SC\u00a0<strong>(2018)<\/strong>. Neural Progenitor Cell Terminology. <em>Frontiers in Neuroanatomy<\/em>,doi 10.3389; fnana.2018.00104.<\/p>\n<p>Iba\u00f1ez Rodriguez MP, Galiana MD, R\u00e1smussen JA, Freites CL, Noctor, SC, Mu\u00f1oz EM. <strong>(2018)<\/strong>. Differential response of pineal microglia to surgical versus pharmacological stimuli. <em>Journal of Comparative Neurology<\/em>,526(15): 2462-2481.<\/p>\n<p>Mart\u00ednez Cerde\u00f1o V, Hong T, Amina S, Lechpammer M, Ariza J, Tassone F,\u00a0Noctor SC,\u00a0Hagerman P, Hagerman R. <strong>(2018)<\/strong>. Microglial cell activation and senescence are characteristic of the pathology FXTAS. <em>Movement Disorders<\/em>. In Press: doi: 10.1002\/mds.27553 &#8211; <a href=\"https:\/\/ventricular.org\/StephenNoctor\/wp-content\/uploads\/2025\/11\/2018-FXTAS-Microglial-Senescence.pdf\">View Here<\/a>.<\/p>\n<p>Mart\u00ednez-Cerde\u00f1o V, Camacho J, Ariza J, Rogers H, Horton-Sparks K, Kreutz A, Behringer R, Rasweiler JJ, and Noctor SC\u00a0<strong>(2017)<\/strong>. The bat as a new model of cortical development. <em>Cerebral Cortex<\/em>, 9: 1-14. &#8211; <a href=\"http:\/\/ventricular.org\/StephenNoctor\/wp-content\/uploads\/2019\/02\/2018-Bat.pdf\">View Here<\/a>.<\/p>\n<p>Iba\u00f1ez Rodriguez MP, Noctor, SC, Mu\u00f1oz EM <strong>(2016)<\/strong> Cellular Basis of Pineal Gland Development: Emerging Role of Microglia as Phenotype Regulator. <em>PLoS One<\/em>: 11(11):e0167063<\/p>\n<p>Mart\u00ednez-Cerde\u00f1o V, Cunningham CL, Camacho J, Keiter JA, Ariza J, Lovern M, and Noctor SC <strong>(2016)<\/strong>\u00a0Evolutionary Origin of Tbr2-Expressing Precursor Cells and the Subventricular Zone in the Developing Cortex. <em>\u00a0Journal of Comparative Neurology<\/em>, 524(3):433-447 &#8211; <a href=\"http:\/\/www.ncbi.nlm.nih.gov\/pubmed\/26267763\" target=\"_blank\" rel=\"noopener\">View Here<\/a><\/p>\n<p>Mart\u00ednez-Cerde\u00f1o V and Noctor SC <strong>(2016)<\/strong><br \/>\nCortical Evolution 2015: Discussion on neural progenitor cell nomenclature<br \/>\n<em>Journal of Comparative Neurology<\/em>, 524(3):704-709 &#8211; <a href=\"http:\/\/www.ncbi.nlm.nih.gov\/pubmed\/26439982\" target=\"_blank\" rel=\"noopener\">View Here<\/a><\/p>\n<p>Kim E, Camacho J, Combs Z, Ariza J, Lechpammer M, Noctor SC, and Mart\u00ednez-Cerde\u00f1o V. <strong>(2015)<\/strong><br \/>\nPreliminary findings suggest the number and volume of supragranular and infragranular pyramidal neurons are similar in the anterior superior temporal area of control subjects and subjects with autism. <em>Neuroscience Letters<\/em>, 589:98-103 &#8211; <a href=\"http:\/\/www.ncbi.nlm.nih.gov\/pubmed\/25582788\" target=\"_blank\" rel=\"noopener\">View Here<\/a><\/p>\n<p>Mart\u00ednez-Cerde\u00f1o V, Camacho J, Fox E, Miller E, Ariza J, Kienzle D, Plank K, Noctor SC, and Van de Water J. <strong>(2015) <\/strong>Prenatal Exposure to Autism-Specific Maternal Autoantibodies Alters Proliferation of Cortical Neural Precursor Cells, Enlarges Brain, and Increases Neuronal Size in Adult Animals. <em>Cerebral Cortex<\/em>, pii: bhu291. [Epub] &#8211; <a href=\"http:\/\/www.ncbi.nlm.nih.gov\/pubmed\/25535268\">View Here<\/a><\/p>\n<p>Clinton BK, Cunningham CL, Kriegstein AR, Noctor SC, and Mart\u00ednez-Cerde\u00f1o V. (2014)<br \/>\nRadial Glia are Proliferative in the Ventricular Zone of the Embryonic and Adult Turtle, Trachemys Scripta Elegans. <em>Neurogenesis, <\/em>2;1(1)\u00a0&#8211; <a href=\"http:\/\/ventricular.org\/StephenNoctor\/wp-content\/uploads\/2015\/10\/2014-Clinton-Radial-Glia.pdf\" target=\"_blank\" rel=\"noopener\">View Here<\/a><\/p>\n<p>Camacho J, Ejaz E, Ariza J, Noctor SC, and Mart\u00ednez-Cerde\u00f1o V. (2014)<br \/>\nRELN-expressing neuron density in layer I of the superior temporal lobe is similar in human brains with autism and in age-matched controls. <em>Neuroscience Letters<\/em>, 579:163-7 &#8211; <a href=\"http:\/\/www.ncbi.nlm.nih.gov\/pubmed\/25067827\" target=\"_blank\" rel=\"noopener\">View Here<\/a><\/p>\n<p>Mart\u00ednez-Cerde\u00f1o V and Noctor SC (2014)<br \/>\nCajal, Retzius, and Cajal-Retzius Cells.<br \/>\n<em>Frontiers in Neuroanatomy<\/em>, 8(48) &#8211; <a href=\"http:\/\/www.ncbi.nlm.nih.gov\/pmc\/articles\/PMC4060955\/\" target=\"_blank\" rel=\"noopener\">View Here<\/a><\/p>\n<p>Camacho J, Jones K, Miller E, Ariza J, Noctor SC, Van de Water J, and Mart\u00ednez-Cerde\u00f1o V (2014)<br \/>\nEmbryonic intraventricular exposure to autism-specific maternal autoantibodies produces alterations in autistic-like stereotypical behaviors in offspring mice. <em>Behavioral Brain Research<\/em>, 266:46-51 &#8211; <a href=\"http:\/\/www.ncbi.nlm.nih.gov\/pubmed\/24613242\" target=\"_blank\" rel=\"noopener\">View Here<\/a><\/p>\n<p>Cunningham CL, Martinez-Cerdeno V, and Noctor SC. (2013)<br \/>\nDiversity of neural precursor cell types in the prenatal macaque cerebral cortex exists largely within the astroglial cell lineage. <em>PLoS ONE<\/em>, 8(5): e63848 &#8211; <a href=\"http:\/\/journals.plos.org\/plosone\/article?id=10.1371\/journal.pone.0063848\" target=\"_blank\" rel=\"noopener\">View Here<\/a><\/p>\n<p>Cunningham CL, Martinez-Cerdeno V, and Noctor SC (2013)<br \/>\nMicroglia regulate the number of neural precursor cells in the developing cerebral cortex. <em>Journal of Neuroscience<\/em>, 33(10): 4216-4233. &#8211; <a href=\"http:\/\/www.ncbi.nlm.nih.gov\/pmc\/articles\/PMC3711552\/\" target=\"_blank\" rel=\"noopener\">View Here<\/a><\/p>\n<p>Martinez-Cerdeno V, Cunningham CL, Camacho J, Antczak JL, Prakash AN, Cziep ME, Walker AI, and Noctor SC (2012) Comparative analysis of the subventricular zone in rat, ferret and macaque: evidence for an outer subventricular zone in rodents. <em>PLoS ONE<\/em>, 7(1),:e30178 &#8211; <a href=\"http:\/\/journals.plos.org\/plosone\/article?id=10.1371\/journal.pone.0030178\" target=\"_blank\" rel=\"noopener\">View Here<\/a><\/p>\n<p>Noctor SC. (2011)<br \/>\nTime-lapse imaging of fluorescently labeled live cells in the embryonic mammalian forebrain.<br \/>\n<em>Cold Spring Harbor protocols<\/em> 2011:341-355. <a href=\"http:\/\/ventricular.org\/StephenNoctor\/wp-content\/uploads\/2015\/10\/2011-Noctor-CSH-TimeLapse-Protocol.pdf\">View Here<\/a><\/p>\n<p>Cunningham CL, Martinez-Cerde\u00f1o V, Navarro E, Prakash A, Willemsen R, Hagerman PJ, Pessah IN, Berman RF, Noctor SC (2011)<br \/>\nPremutation CGG-repeat expansion of the Fmr1 gene impairs mouse neocortical development.<br \/>\n<em>Human Molecular Genetics<\/em>, 20(1): 64-79 &#8211;\u00a0\u00a0<a href=\"http:\/\/www.ncbi.nlm.nih.gov\/pmc\/articles\/PMC3000676\/\">View Here<\/a><\/p>\n<p>Noctor SC, Mart\u00ednez-Cerde\u00f1o V, and Kriegstein AR (2008)<br \/>\nDistinct behaviors of neural stem and progenitor cells underlie cortical neurogenesis. <em>Journal of Comparative Neurology<\/em>, 508:28-44 &#8211; <a href=\"http:\/\/ventricular.org\/StephenNoctor\/wp-content\/uploads\/2015\/10\/2008-Noctor-JCN.pdf\" target=\"_blank\" rel=\"noopener\">View Here<\/a><\/p>\n<p>Mart\u00ednez-Cerde\u00f1o V*, Noctor SC*, and Kriegstein, AR (2006)<br \/>\nThe role of intermediate progenitor cells in the evolutionary expansion of the cerebral cortex.<br \/>\n<em>Cerebral Cortex<\/em>, 16(S1):152-161 &#8211; <a href=\"http:\/\/ventricular.org\/StephenNoctor\/wp-content\/uploads\/2015\/10\/2006-Martinez-Cerebral-Cortex.pdf\" target=\"_blank\" rel=\"noopener\">View Here<\/a><\/p>\n<p>Noctor SC, Mart\u00ednez-Cerde\u00f1o V, Ivic L, and Kriegstein AR (2004)<br \/>\nCortical neurons arise in symmetric and asymmetric division zones and migrate through specific phases. <em>Nature Neuroscience<\/em>, 7(2):136-44 &#8211;\u00a0<a href=\"http:\/\/www.ncbi.nlm.nih.gov\/pubmed\/14703572\" target=\"_blank\" rel=\"noopener\">View Here<\/a><\/p>\n<p>Weissman T*, Noctor SC*, Clinton BK, Honig LS, and Kriegstein AR (2003)<br \/>\nNeurogenic radial glial cells in reptile, rodent and human: from mitosis to migration. <em>Cerebral Cortex<\/em>, 13(6): 550-9 &#8211; <a href=\"http:\/\/ventricular.org\/StephenNoctor\/wp-content\/uploads\/2015\/10\/2003-Weissman-Cerebral-Cortex.pdf\" target=\"_blank\" rel=\"noopener\">View Here<\/a><\/p>\n<p>Noctor SC, Flint AC, Weissman TA, Wong WS, Clinton BK, and Kriegstein AR (2002)<br \/>\nDividing precursor cells of the embryonic cortical ventricular zone have morphological and molecular characteristics of radial glia. <em>Journal of Neuroscience<\/em>, 22(8): 3161-73 &#8211; <a href=\"http:\/\/ventricular.org\/StephenNoctor\/wp-content\/uploads\/2015\/10\/2002-Noctor-Dividing-precursors-J-Neurosci.pdf\" target=\"_blank\" rel=\"noopener\">View Here<\/a><\/p>\n<p>Noctor SC, Flint AC, Weissman TA, Dammerman RS, and Kriegstein AR (2001)<br \/>\nNeurons derived from radial glial cells establish radial units in neocortex.<br \/>\n<em>Nature<\/em>, 409: 714-720 &#8211;\u00a0<a href=\"http:\/\/www.ncbi.nlm.nih.gov\/pubmed\/11217860\" target=\"_blank\" rel=\"noopener\">View Here<\/a><\/p>\n<p>Noctor SC, Palmer SL, McLaughlin DF, and Juliano SL (2001)<br \/>\nDisruption of layers 3 and 4 during development results in altered thalamocortical projections in ferret somatosensory cortex. <em>Journal of Neuroscience<\/em>, 21(9): 3184-95 &#8211; <a href=\"http:\/\/ventricular.org\/StephenNoctor\/wp-content\/uploads\/2015\/10\/2001-Noctor-Disruptions-of-Layers-J-Neurosci.pdf\" target=\"_blank\" rel=\"noopener\">View Here<\/a><\/p>\n<p>Palmer SL, Noctor SC, Jablonska B, and Juliano SL (2001)<br \/>\nLaminar specific alterations of thalamocortical projections in organotypic cultures following layer 4 disruptions in ferret somatosensory cortex. <em>E Journal of Neuroscience<\/em>, 13(8): 1559-71 &#8211;\u00a0<a href=\"http:\/\/www.ncbi.nlm.nih.gov\/pubmed\/11328350\" target=\"_blank\" rel=\"noopener\">View Here<\/a><\/p>\n<p>Noctor SC, Palmer SL, Hasling T, and Juliano SL (1999)<br \/>\nInterference with the development of early generated neocortex results in disruption of radial glia and abnormal formation of neocortical layers. <em>Cerebral Cortex<\/em>, 9(2): 121-36 &#8211; <a href=\"http:\/\/ventricular.org\/StephenNoctor\/wp-content\/uploads\/2015\/10\/1999-Noctor-Interference-CC.pdf\" target=\"_blank\" rel=\"noopener\">View Here<\/a><\/p>\n<p>Noctor SC, Scholnicoff NJ, and Juliano SL (1997)<br \/>\nHistogenesis of ferret somatosensory cortex. <em>Journal of Comparative Neurology<\/em>, 387(2): 179-93 &#8211; <a href=\"http:\/\/ventricular.org\/StephenNoctor\/wp-content\/uploads\/2015\/10\/1997-Noctor-Histogenesis-JCN.pdf\" target=\"_blank\" rel=\"noopener\">View Here<\/a><\/p>\n<p>Juliano SL, Palmer SL, Sonty R, Noctor SC, and Hill G (1996)<br \/>\nDevelopment of local connections in ferret somatosensory cortex.<br \/>\n<em>Journal of Comparative Neurology<\/em>, 374(2): 259-77 &#8211; <a href=\"http:\/\/ventricular.org\/StephenNoctor\/wp-content\/uploads\/2015\/10\/1996-Juliano-local-connections-JCN.pdf\" target=\"_blank\" rel=\"noopener\">View Here<\/a><\/p>\n","protected":false},"excerpt":{"rendered":"<p>(Selected List of Publications) Tarantal AF, Hartigan-O&#8217;Connor DJ,\u00a0Noctor SC. (2022) Translational Utility of the Nonhuman Primate Model.\u00a0 Biol Psychiatry Cogn Neurosci Neuroimaging. 7(5):491-497 &#8211; View Here. Penna E, Mangum JM, Shepherd H, Mart\u00ednez Cerde\u00f1o V, Noctor SC. (2021) Development of the Neuro-Immune-Vascular Plexus in the Ventricular Zone of the Prenatal Rat Neocortex. Cerebral Cortex, 31(4):2139-2155 [&hellip;]<\/p>\n","protected":false},"author":3,"featured_media":0,"parent":0,"menu_order":0,"comment_status":"closed","ping_status":"closed","template":"","meta":{"footnotes":""},"class_list":["post-13","page","type-page","status-publish","hentry"],"_links":{"self":[{"href":"https:\/\/ventricular.org\/StephenNoctor\/wp-json\/wp\/v2\/pages\/13","targetHints":{"allow":["GET"]}}],"collection":[{"href":"https:\/\/ventricular.org\/StephenNoctor\/wp-json\/wp\/v2\/pages"}],"about":[{"href":"https:\/\/ventricular.org\/StephenNoctor\/wp-json\/wp\/v2\/types\/page"}],"author":[{"embeddable":true,"href":"https:\/\/ventricular.org\/StephenNoctor\/wp-json\/wp\/v2\/users\/3"}],"replies":[{"embeddable":true,"href":"https:\/\/ventricular.org\/StephenNoctor\/wp-json\/wp\/v2\/comments?post=13"}],"version-history":[{"count":30,"href":"https:\/\/ventricular.org\/StephenNoctor\/wp-json\/wp\/v2\/pages\/13\/revisions"}],"predecessor-version":[{"id":991,"href":"https:\/\/ventricular.org\/StephenNoctor\/wp-json\/wp\/v2\/pages\/13\/revisions\/991"}],"wp:attachment":[{"href":"https:\/\/ventricular.org\/StephenNoctor\/wp-json\/wp\/v2\/media?parent=13"}],"curies":[{"name":"wp","href":"https:\/\/api.w.org\/{rel}","templated":true}]}}